
{"id":113,"date":"2020-08-03T22:10:42","date_gmt":"2020-08-03T20:10:42","guid":{"rendered":"https:\/\/www.apesci.org\/?page_id=113"},"modified":"2020-08-28T12:56:51","modified_gmt":"2020-08-28T10:56:51","slug":"lapesci","status":"publish","type":"page","link":"https:\/\/www.apesci.org\/es\/lapesci\/","title":{"rendered":"LA APESCI"},"content":{"rendered":"<p>MISIONES DE APESCI :<br \/>\nCreada desde el d\u00eda 19 de julio de 2019, la APESCI Asociaci\u00f3n de Profesores de Espa\u00f1ol de Secundaria de C\u00f4te d&#8217;Ivoire (Costa de Marfil)  tiene como misiones :<br \/>\n\u2713 Favorecer la formaci\u00f3n continua de los Profesores de espa\u00f1ol de Costa de Marfil.<br \/>\n\u2713 Crear el esp\u00edritu de familia entre Profesores de espa\u00f1ol de C\u00f4te d&#8217;Ivoire.<br \/>\n\u2713 Promover la lengua espa\u00f1ola.<br \/>\n\u2713 Llevar a los alumnos a gustar de y practicar el espa\u00f1ol mediante los clubs de espa\u00f1ol, juegos y concursos.<br \/>\n\u2713 Favorecer los intercambios interculturales.<br \/>\n\u2713 Promover el turismo.<\/p>","protected":false},"excerpt":{"rendered":"<p>MISIONES DE APESCI : Creada desde el d\u00eda 19 de julio de 2019, la APESCI Asociaci\u00f3n de Profesores de Espa\u00f1ol de Secundaria de C\u00f4te d&#8217;Ivoire (Costa de Marfil) tiene como misiones : \u2713 Favorecer la formaci\u00f3n continua de los Profesores de espa\u00f1ol de Costa de Marfil. \u2713 Crear el esp\u00edritu de familia entre Profesores de&#8230; <\/p>\n<div class=\"read-more\"><a href=\"https:\/\/www.apesci.org\/es\/lapesci\/\">Leer m\u00e1s<\/a><\/div>\n","protected":false},"author":1,"featured_media":0,"parent":0,"menu_order":0,"comment_status":"closed","ping_status":"closed","template":"","meta":{"ngg_post_thumbnail":0},"yoast_head":"<!-- This site is optimized with the Yoast SEO plugin v14.8.1 - https:\/\/yoast.com\/wordpress\/plugins\/seo\/ -->\n<title>LA APESCI - Apesci<\/title>\n<meta name=\"robots\" content=\"index, follow\" \/>\n<meta name=\"googlebot\" content=\"index, follow, max-snippet:-1, max-image-preview:large, max-video-preview:-1\" \/>\n<meta name=\"bingbot\" content=\"index, follow, max-snippet:-1, max-image-preview:large, max-video-preview:-1\" \/>\n<link rel=\"canonical\" href=\"https:\/\/www.apesci.org\/lapesci\/\" \/>\n<meta property=\"og:locale\" content=\"es_ES\" \/>\n<meta property=\"og:type\" content=\"article\" \/>\n<meta property=\"og:title\" content=\"[:fr]L&#039;APESCI[:es]LA APESCI[:] - Apesci\" \/>\n<meta property=\"og:description\" content=\"MISIONES DE APESCI : Creada desde el d\u00eda 19 de julio de 2019, la APESCI Asociaci\u00f3n de Profesores de Espa\u00f1ol de Secundaria de C\u00f4te d&#8217;Ivoire (Costa de Marfil) tiene como misiones : \u2713 Favorecer la formaci\u00f3n continua de los Profesores de espa\u00f1ol de Costa de Marfil. \u2713 Crear el esp\u00edritu de familia entre Profesores de... Leer m\u00e1s\" \/>\n<meta property=\"og:url\" content=\"https:\/\/www.apesci.org\/lapesci\/\" \/>\n<meta property=\"og:site_name\" content=\"Apesci\" \/>\n<meta property=\"article:author\" content=\"www.facebook.com\" \/>\n<meta property=\"article:modified_time\" content=\"2020-08-28T10:56:51+00:00\" \/>\n<meta name=\"twitter:card\" content=\"summary_large_image\" \/>\n<script type=\"application\/ld+json\" class=\"yoast-schema-graph\">{\"@context\":\"https:\/\/schema.org\",\"@graph\":[{\"@type\":\"WebSite\",\"@id\":\"https:\/\/www.apesci.org\/es\/#website\",\"url\":\"https:\/\/www.apesci.org\/es\/\",\"name\":\"Apesci\",\"description\":\"\",\"potentialAction\":[{\"@type\":\"SearchAction\",\"target\":\"https:\/\/www.apesci.org\/es\/?s={search_term_string}\",\"query-input\":\"required name=search_term_string\"}],\"inLanguage\":\"es\"},{\"@type\":\"WebPage\",\"@id\":\"https:\/\/www.apesci.org\/lapesci\/#webpage\",\"url\":\"https:\/\/www.apesci.org\/lapesci\/\",\"name\":\"[:fr]L'APESCI[:es]LA APESCI[:] - Apesci\",\"isPartOf\":{\"@id\":\"https:\/\/www.apesci.org\/es\/#website\"},\"datePublished\":\"2020-08-03T20:10:42+00:00\",\"dateModified\":\"2020-08-28T10:56:51+00:00\",\"breadcrumb\":{\"@id\":\"https:\/\/www.apesci.org\/lapesci\/#breadcrumb\"},\"inLanguage\":\"es\",\"potentialAction\":[{\"@type\":\"ReadAction\",\"target\":[\"https:\/\/www.apesci.org\/lapesci\/\"]}]},{\"@type\":\"BreadcrumbList\",\"@id\":\"https:\/\/www.apesci.org\/lapesci\/#breadcrumb\",\"itemListElement\":[{\"@type\":\"ListItem\",\"position\":1,\"item\":{\"@type\":\"WebPage\",\"@id\":\"https:\/\/www.apesci.org\/web\/\",\"url\":\"https:\/\/www.apesci.org\/web\/\",\"name\":\"Accueil\"}},{\"@type\":\"ListItem\",\"position\":2,\"item\":{\"@type\":\"WebPage\",\"@id\":\"https:\/\/www.apesci.org\/lapesci\/\",\"url\":\"https:\/\/www.apesci.org\/lapesci\/\",\"name\":\"L&rsquo;APESCI\"}}]}]}<\/script>\n<!-- \/ Yoast SEO plugin. -->","_links":{"self":[{"href":"https:\/\/www.apesci.org\/es\/wp-json\/wp\/v2\/pages\/113"}],"collection":[{"href":"https:\/\/www.apesci.org\/es\/wp-json\/wp\/v2\/pages"}],"about":[{"href":"https:\/\/www.apesci.org\/es\/wp-json\/wp\/v2\/types\/page"}],"author":[{"embeddable":true,"href":"https:\/\/www.apesci.org\/es\/wp-json\/wp\/v2\/users\/1"}],"replies":[{"embeddable":true,"href":"https:\/\/www.apesci.org\/es\/wp-json\/wp\/v2\/comments?post=113"}],"version-history":[{"count":6,"href":"https:\/\/www.apesci.org\/es\/wp-json\/wp\/v2\/pages\/113\/revisions"}],"predecessor-version":[{"id":406,"href":"https:\/\/www.apesci.org\/es\/wp-json\/wp\/v2\/pages\/113\/revisions\/406"}],"wp:attachment":[{"href":"https:\/\/www.apesci.org\/es\/wp-json\/wp\/v2\/media?parent=113"}],"curies":[{"name":"wp","href":"https:\/\/api.w.org\/{rel}","templated":true}]}}