
{"id":121,"date":"2020-08-03T22:13:38","date_gmt":"2020-08-03T20:13:38","guid":{"rendered":"https:\/\/www.apesci.org\/?page_id=121"},"modified":"2020-08-26T06:16:22","modified_gmt":"2020-08-26T04:16:22","slug":"espanol-concours-national-despagnol","status":"publish","type":"page","link":"https:\/\/www.apesci.org\/es\/espanol-concours-national-despagnol\/","title":{"rendered":"Concurso nacional de espa\u00f1ol"},"content":{"rendered":"<p>CONCURSO DE ESPA\u00d1OL 2020-2021<\/p>\n<p>Inscripciones      : Diciembre de 2020<br \/>\n\u00c9tape 1 (Ciudad)   : Enero de 2021<br \/>\n\u00c9tape 2 (DRENETFP) : Febrero de 2021<br \/>\n\u00c9tape 3 (Zona)     : Marzo de 2021<br \/>\nFinal              : Mayo de 2021<\/p>\n<p>NB : El concurso est\u00e1 abierto a todos los alumnos de las clases de \u00ab4\u00e8me\u00bb a la de \u00abTerminale\u00bb que tuvieron como media 14\/20 o m\u00e1s al cabo del primer trimestre.<br \/>\nCada alumno se matricula con su profesor de espa\u00f1ol.<\/p>","protected":false},"excerpt":{"rendered":"<p>CONCURSO DE ESPA\u00d1OL 2020-2021 Inscripciones : Diciembre de 2020 \u00c9tape 1 (Ciudad) : Enero de 2021 \u00c9tape 2 (DRENETFP) : Febrero de 2021 \u00c9tape 3 (Zona) : Marzo de 2021 Final : Mayo de 2021 NB : El concurso est\u00e1 abierto a todos los alumnos de las clases de \u00ab4\u00e8me\u00bb a la de \u00abTerminale\u00bb que&#8230; <\/p>\n<div class=\"read-more\"><a href=\"https:\/\/www.apesci.org\/es\/espanol-concours-national-despagnol\/\">Leer m\u00e1s<\/a><\/div>\n","protected":false},"author":1,"featured_media":0,"parent":0,"menu_order":0,"comment_status":"closed","ping_status":"closed","template":"","meta":{"ngg_post_thumbnail":0},"yoast_head":"<!-- This site is optimized with the Yoast SEO plugin v14.8.1 - https:\/\/yoast.com\/wordpress\/plugins\/seo\/ -->\n<title>Concurso nacional de espa\u00f1ol - Apesci<\/title>\n<meta name=\"robots\" content=\"index, follow\" \/>\n<meta name=\"googlebot\" content=\"index, follow, max-snippet:-1, max-image-preview:large, max-video-preview:-1\" \/>\n<meta name=\"bingbot\" content=\"index, follow, max-snippet:-1, max-image-preview:large, max-video-preview:-1\" \/>\n<link rel=\"canonical\" href=\"https:\/\/www.apesci.org\/web\/espanol-concours-national-despagnol\/\" \/>\n<meta property=\"og:locale\" content=\"es_ES\" \/>\n<meta property=\"og:type\" content=\"article\" \/>\n<meta property=\"og:title\" content=\"[:fr]Concours national d&#039;espagnol[:es]Concurso nacional de espa\u00f1ol[:] - Apesci\" \/>\n<meta property=\"og:description\" content=\"CONCURSO DE ESPA\u00d1OL 2020-2021 Inscripciones : Diciembre de 2020 \u00c9tape 1 (Ciudad) : Enero de 2021 \u00c9tape 2 (DRENETFP) : Febrero de 2021 \u00c9tape 3 (Zona) : Marzo de 2021 Final : Mayo de 2021 NB : El concurso est\u00e1 abierto a todos los alumnos de las clases de \u00ab4\u00e8me\u00bb a la de \u00abTerminale\u00bb que... Leer m\u00e1s\" \/>\n<meta property=\"og:url\" content=\"https:\/\/www.apesci.org\/web\/espanol-concours-national-despagnol\/\" \/>\n<meta property=\"og:site_name\" content=\"Apesci\" \/>\n<meta property=\"article:author\" content=\"www.facebook.com\" \/>\n<meta property=\"article:modified_time\" content=\"2020-08-26T04:16:22+00:00\" \/>\n<meta name=\"twitter:card\" content=\"summary_large_image\" \/>\n<script type=\"application\/ld+json\" class=\"yoast-schema-graph\">{\"@context\":\"https:\/\/schema.org\",\"@graph\":[{\"@type\":\"WebSite\",\"@id\":\"https:\/\/www.apesci.org\/es\/#website\",\"url\":\"https:\/\/www.apesci.org\/es\/\",\"name\":\"Apesci\",\"description\":\"\",\"potentialAction\":[{\"@type\":\"SearchAction\",\"target\":\"https:\/\/www.apesci.org\/es\/?s={search_term_string}\",\"query-input\":\"required name=search_term_string\"}],\"inLanguage\":\"es\"},{\"@type\":\"WebPage\",\"@id\":\"https:\/\/www.apesci.org\/web\/espanol-concours-national-despagnol\/#webpage\",\"url\":\"https:\/\/www.apesci.org\/web\/espanol-concours-national-despagnol\/\",\"name\":\"[:fr]Concours national d'espagnol[:es]Concurso nacional de espa\\u00f1ol[:] - Apesci\",\"isPartOf\":{\"@id\":\"https:\/\/www.apesci.org\/es\/#website\"},\"datePublished\":\"2020-08-03T20:13:38+00:00\",\"dateModified\":\"2020-08-26T04:16:22+00:00\",\"breadcrumb\":{\"@id\":\"https:\/\/www.apesci.org\/web\/espanol-concours-national-despagnol\/#breadcrumb\"},\"inLanguage\":\"es\",\"potentialAction\":[{\"@type\":\"ReadAction\",\"target\":[\"https:\/\/www.apesci.org\/web\/espanol-concours-national-despagnol\/\"]}]},{\"@type\":\"BreadcrumbList\",\"@id\":\"https:\/\/www.apesci.org\/web\/espanol-concours-national-despagnol\/#breadcrumb\",\"itemListElement\":[{\"@type\":\"ListItem\",\"position\":1,\"item\":{\"@type\":\"WebPage\",\"@id\":\"https:\/\/www.apesci.org\/web\/\",\"url\":\"https:\/\/www.apesci.org\/web\/\",\"name\":\"Accueil\"}},{\"@type\":\"ListItem\",\"position\":2,\"item\":{\"@type\":\"WebPage\",\"@id\":\"https:\/\/www.apesci.org\/web\/espanol-concours-national-despagnol\/\",\"url\":\"https:\/\/www.apesci.org\/web\/espanol-concours-national-despagnol\/\",\"name\":\"Concours national d&rsquo;espagnol\"}}]}]}<\/script>\n<!-- \/ Yoast SEO plugin. -->","_links":{"self":[{"href":"https:\/\/www.apesci.org\/es\/wp-json\/wp\/v2\/pages\/121"}],"collection":[{"href":"https:\/\/www.apesci.org\/es\/wp-json\/wp\/v2\/pages"}],"about":[{"href":"https:\/\/www.apesci.org\/es\/wp-json\/wp\/v2\/types\/page"}],"author":[{"embeddable":true,"href":"https:\/\/www.apesci.org\/es\/wp-json\/wp\/v2\/users\/1"}],"replies":[{"embeddable":true,"href":"https:\/\/www.apesci.org\/es\/wp-json\/wp\/v2\/comments?post=121"}],"version-history":[{"count":5,"href":"https:\/\/www.apesci.org\/es\/wp-json\/wp\/v2\/pages\/121\/revisions"}],"predecessor-version":[{"id":312,"href":"https:\/\/www.apesci.org\/es\/wp-json\/wp\/v2\/pages\/121\/revisions\/312"}],"wp:attachment":[{"href":"https:\/\/www.apesci.org\/es\/wp-json\/wp\/v2\/media?parent=121"}],"curies":[{"name":"wp","href":"https:\/\/api.w.org\/{rel}","templated":true}]}}